{"id":1536,"date":"2023-07-26T14:36:35","date_gmt":"2023-07-26T12:36:35","guid":{"rendered":"https:\/\/www.abacoteam.com\/privacy-policy\/"},"modified":"2023-12-20T12:13:30","modified_gmt":"2023-12-20T11:13:30","slug":"privacy-policy","status":"publish","type":"page","link":"https:\/\/www.abacoteam.com\/en\/privacy-policy\/","title":{"rendered":"Privacy policy"},"content":{"rendered":"\n<h4 class=\"wp-block-heading\"><strong>Informativa Privacy sul trattamento dei dati personali degli utenti del sito internet\u00a0<\/strong><a href=\"https:\/\/www.abacoteam.com\"><strong>www.abacoteam.com<\/strong><\/a><\/h4>\n\n\n\n<p>La presente informativa descrive, ai sensi dell\u2019art. 13 del Regolamento (UE) 2016\/679 (di seguito, \u201c<strong>il Regolamento<\/strong>\u201d oppure <strong>\u201cGDPR<\/strong>\u201d), le caratteristiche del trattamento dei dati personali raccolti e trattati tramite il sito <strong>www.abacoteam.com<\/strong> (il \u201c<strong>Sito<\/strong>\u201d e l\u2019 \u201c<strong>Informativa<\/strong>\u201d) da parte di Abaco Team S.p.A. con sede legale in Via Bernardo Quaranta 40, 20139, Milano (\u201c<strong>Abaco Team<\/strong>\u201d).<\/p>\n\n\n\n<p>Questa informativa non si applica a siti, applicazioni e contenuti di terzi in genere, neppure se accessibili dal Sito. In questi casi potranno essere applicabili le disposizioni sulla protezione dei dati di tali terzi, che possono essere diverse dalle presenti e che ti consigliamo di consultare prima della comunicazione di qualsiasi dato.<\/p>\n\n\n\n<ol class=\"wp-block-list\" style=\"list-style-type:1\">\n<li><strong>Titolare del trattamento<\/strong><br><br>Ai fini di cui all\u2019Informativa, titolare del trattamento \u00e8 Abaco Team <a>S.p.A., <\/a>con sede legale in via Bernardo Quaranta 40, 20139, Milano, iscritto al Registro delle Imprese di Milano al numero 05042531003 (il \u201c<strong><em>Titolare<\/em><\/strong>\u201d).<br><br><\/li>\n\n\n\n<li><strong>Dati raccolti<\/strong><br><br><a>Abaco Team raccoglie <\/a>dati personali attraverso il Sito, quando gli utenti inviano delle richieste attraverso i\u00a0<em>moduli di contatto <\/em>presenti sul Sito o inviano delle comunicazioni a mezzo e-mail.<br>Per \u201cdati personali\u201d si intendono tutte le informazioni che possono essere utilizzate per identificare direttamente o indirettamente un interessato.<br>Il Titolare potrebbe raccogliere automaticamente taluni dati personali anche nel momento in cui accedi, utilizzi o interagisci con attraverso il Sito.<br><br><strong><em>Dati che fornisci attraverso il Sito<\/em><\/strong><br><a>Abaco Team raccoglie <\/a>dati personali che ciascun utente fornisce volontariamente, per esempio comunicando col Titolare o inviando delle richieste o delle comunicazioni anche a mezzo e-mail o attraverso la compilazione dei\u00a0<a><em>moduli di contatto<\/em><\/a>\u00a0presenti sul Sito per la richiesta di informazioni.<br>I dati personali che ciascun utente potrebbe comunicare con queste modalit\u00e0 includono, a titolo esemplificativo ma non esaustivo, il nome e cognome, indirizzo e-mail, numero di telefono.<br><br><strong><em>Dati che fornisci tramite il modulo \u201cCANDIDATI ORA\u201d<\/em><\/strong><br>Abaco Team S.p.A., raccoglie i dati personali per inviare la candidatura alle posizioni di lavoro offerte attraverso il sito. I dati raccolti sono: nome, cognome, numero di telefono, indirizzo di posta elettronica, <em>curriculum vitae<\/em> del candidato. Il conferimento di questi dati \u00e8 facoltativo e non limita la navigazione del sito.<br>I dati saranno conservati nel rispetto dei principi di liceit\u00e0, limitazione delle finalit\u00e0 e minimizzazione dei dati, ai sensi dell\u2019art. 5 del GDPR, per il tempo massimo di 6 mesi dalla raccolta (cos\u00ec come meglio indicato al successivo paragrafo 7.).<br><br><strong><em>Dati che potremmo raccogliere automaticamente<\/em><\/strong><br>Utilizziamo sul Sito cookies e strumenti tecnologici assimilabili (congiuntamente \u201c<strong><em>Cookies<\/em><\/strong>\u201d) per raccogliere e conservare dati relativi all\u2019utilizzo, all\u2019accesso o all\u2019interazione attraverso il Sito. Potremmo, per esempio, raccogliere dati riguardanti la tipologia di strumento utilizzato per accedere al Sito, il sistema operativo, il tuo indirizzo IP, la tua posizione geografica generica indicata dal tuo indirizzo IP, il tipo di\u00a0<em>browser<\/em>\u00a0utilizzato, i contenuti che visualizzi e a cui accedi attraverso il Sito, le modalit\u00e0 con cui interagisci eventualmente con i contenuti disponibili sul Sito e le parole chiave inserite per la ricerca sul Sito.<br>Per maggiori informazioni sull\u2019uso dei cookies in questo sito, vedere la <a href=https:\/\/www.iubenda.com\/privacy-policy\/81947052\/cookie-policy class=\"iubenda-nostyle no-brand iubenda-noiframe iubenda-embed iubenda-noiframe \" title=\"Cookie Policy \">Cookie Policy<\/a> al link.<strong><br><\/strong><br><\/li>\n\n\n\n<li><strong>Finalit\u00e0 del trattamento dei dati personali e base giuridica<\/strong><br><br>Le finalit\u00e0 per le quali i tuoi dati personali verranno trattati da Abaco Team S.p.A., in qualit\u00e0 di titolare del trattamento sono le seguenti:<br><br>a) rispondere alle tue richieste di informazioni, ivi incluse le richieste inviando comunicazioni a mezzo e-mail ai contatti indicati sul Sito;<br>b) eseguire l\u2019incarico conferito ed adempiere agli obblighi di legge ad esso connessi;<br>c) candidatura del soggetto alla selezione del personale per il lavoro offerto e\/o valutazione di candidature spontanee;<br><br>Abaco Team S.p.A., in qualit\u00e0 di titolare del trattamento, tratta i tuoi dati per eseguire le attivit\u00e0 di cui al punto a) del presente paragrafo 3 e, quindi, per rispondere a tue espresse richieste. La base giuridica \u00e8 pertanto il legittimo interesse del Titolare a riscontrare le richieste degli interessati. Tale interesse del Titolare \u00e8 stato oggetto di bilanciamento con quello degli interessati e risulta compatibile con la ragionevole aspettativa di questi ultimi, in quanto \u00e8 ragionevole ritenere che gli stessi desiderino ricevere riscontro alle proprie richieste.<br>Abaco Team S.p.A., in qualit\u00e0 di titolare del trattamento tratta i tuoi dati per eseguire le attivit\u00e0 di cui al punto b) del presente paragrafo 3 e quindi per eseguire le attivit\u00e0 concernenti l\u2019incarico conferito dall\u2019interessato. La base giuridica \u00e8 pertanto l\u2019esecuzione di misure contrattuali.<br>Il trattamento dei tuoi dati per la finalit\u00e0 di cui ai punti a) e b) del presente paragrafo 3 \u00e8 necessario: in mancanza, non sar\u00e0 possibile dar seguito alle tue richieste.<br>Abaco Team S.p.A., tratta i tuoi dati per eseguire le attivit\u00e0 di cui al punto c) del presente paragrafo 3 solo in presenza di tuo espresso consenso. La base giuridica \u00e8 pertanto il tuo consenso.<br>Il consenso pu\u00f2 essere validamente prestato e revocato con riferimento a una o pi\u00f9 delle finalit\u00e0 di trattamento suindicate.<br>Il consenso prestato potr\u00e0 in ogni momento essere revocato con modalit\u00e0 similari a quelle previste per il suo conferimento, contattandoci ai recapiti indicati in calce alla presente Informativa, senza pregiudicare la liceit\u00e0 del trattamento basato sul consenso prima dell\u2019intervenuta revoca.<br><br><\/li>\n\n\n\n<li><strong>Comunicazione dei dati personali raccolti<\/strong><br><br>I Dati saranno trattati dal Titolare e dai soggetti dallo stesso incaricati e potranno essere comunicati a terzi soltanto laddove necessario per l\u2019espletamento delle attivit\u00e0 di cui all\u2019articolo 3 che precede.<br>I terzi destinatari dei Dati potranno trattarli, a seconda dei casi, quali titolari autonomi o responsabili del trattamento debitamente designati.<br>L\u2019elenco completo dei responsabili del trattamento dei Dati \u00e8 custodito presso la sede del Titolare ed \u00e8 consultabile su richiesta da trasmettere ai recapiti indicati al successivo articolo 8.<br><br><\/li>\n\n\n\n<li><strong>Modalit\u00e0 del trattamento<\/strong><br><br>I tuoi dati personali saranno trattati da dipendenti e\/o collaboratori del Titolare, appositamente designati quali persone autorizzate al trattamento (quali in via esemplificativa ma non esaustiva i preposti alla funzione legale, alla funzione amministrativa, e ai sistemi informativi) e responsabili esterni i cui rispettivi nominativi sono disponibili su richiesta al Titolare del trattamento ai sensi della presente Informativa.<br>Il Titolare del trattamento e i soggetti terzi di cui lo stesso si avvale procedono al trattamento dei tuoi dati personali mediante strumenti elettronici o comunque automatizzati, secondo logiche strettamente correlate alle finalit\u00e0 stesse, conservandoli presso server e\/o archivi siti all\u2019interno dell\u2019Unione Europea, e comunque in modo da garantire la sicurezza e la riservatezza dei dati personali stessi.<br><br><\/li>\n\n\n\n<li><strong>Diffusone dei dati personali<\/strong><br><br>I tuoi dati personali non saranno diffusi.<br><br><\/li>\n\n\n\n<li><strong>Periodo di conservazione dei dati personali<\/strong><br><br>Abaco Team S.p.A., in qualit\u00e0 di titolare del trattamento conserver\u00e0 i tuoi dati personali in una forma che consente la tua identificazione per un arco di tempo non superiore a quello necessario al raggiungimento degli scopi del trattamento e, in particolare, per le finalit\u00e0 di cui al punto a) del paragrafo 3 i dati personali saranno conservati per un periodo massimo di 12 mesi dalla raccolta; per la finalit\u00e0 di cui al punto b) del paragrafo 3 per tutta la durata dell\u2019incarico in caso di conferimento dello stesso e il relativo termine prescrizionale; per le finalit\u00e0 di cui ai punti c) del paragrafo 3 per un periodo massimo di 6 mesi dalla raccolta.<br><br><\/li>\n\n\n\n<li><strong>Diritti dell\u2019interessato<\/strong><br><br>Ciascun interessato ha il diritto in qualunque momento di: (I) ottenere conferma dell\u2019esistenza o meno di dati personali che li riguardano; (II) conoscere le finalit\u00e0 del trattamento e le modalit\u00e0, i destinatari di tali dati personali, il periodo di conservazione; (III) ottenere la rettificazione o la cancellazione, e ove applicabile, la limitazione del trattamento; (IV) opporsi al trattamento; (V) ove applicabile, ricevere in un formato strutturato, di uso comune e leggibile da dispositivo automatico, i dati personali che la riguardano forniti al Titolare e trasmettere tali dati a un altro titolare del trattamento senza impedimenti da parte del Titolare; (VI) proporre reclamo all\u2019Autorit\u00e0 garante per la protezione dei dati personali; VII) selezionare le modalit\u00e0 con le quali desidera essere contattato per le finalit\u00e0 di cui ai punti c) e d) del paragrafo 3 che precede, e in particolare indicare se desidera essere contattato mediante le modalit\u00e0 cd. tradizionali (posta cartacea, telefono con operatore), mediante le modalit\u00e0 cd. automatizzate (e-mail, sms, telefono senza operatore ecc.) o entrambe le categorie.<br>I diritti di cui sopra potranno essere esercitati in ogni momento, mediante semplice richiesta, da trasmettere ad Abaco Team S.p.A. all\u2019indirizzo Via Bernardo Quaranta, 40 \u2013 20139 Milano (MI) \u2013 Italia, o all\u2019indirizzo e-mail privacy@gabettigroup.com.<br><br><br><br><\/li>\n<\/ol>\n\n\n\n<p><\/p>\n\n\n\n<p><\/p>\n","protected":false},"excerpt":{"rendered":"<p>Informativa Privacy sul trattamento dei dati personali degli utenti del sito internet\u00a0www.abacoteam.com La presente informativa descrive, ai sensi dell\u2019art. 13 del Regolamento (UE) 2016\/679 (di seguito, \u201cil Regolamento\u201d oppure \u201cGDPR\u201d), le caratteristiche del trattamento dei dati personali raccolti e trattati tramite il sito www.abacoteam.com (il \u201cSito\u201d e l\u2019 \u201cInformativa\u201d) da parte di Abaco Team S.p.A. [&hellip;]<\/p>\n","protected":false},"author":1,"featured_media":0,"parent":0,"menu_order":6,"comment_status":"closed","ping_status":"closed","template":"page-template\/tpl_emptypage.php","meta":{"_acf_changed":false,"inline_featured_image":false,"footnotes":""},"class_list":["post-1536","page","type-page","status-publish","hentry"],"acf":[],"yoast_head":"<!-- This site is optimized with the Yoast SEO plugin v27.5 - https:\/\/yoast.com\/product\/yoast-seo-wordpress\/ -->\n<title>Privacy policy - Abaco Team<\/title>\n<meta name=\"robots\" content=\"index, follow, max-snippet:-1, max-image-preview:large, max-video-preview:-1\" \/>\n<link rel=\"canonical\" href=\"https:\/\/www.abacoteam.com\/en\/privacy-policy\/\" \/>\n<meta property=\"og:locale\" content=\"en_US\" \/>\n<meta property=\"og:type\" content=\"article\" \/>\n<meta property=\"og:title\" content=\"Privacy policy - Abaco Team\" \/>\n<meta property=\"og:description\" content=\"Informativa Privacy sul trattamento dei dati personali degli utenti del sito internet\u00a0www.abacoteam.com La presente informativa descrive, ai sensi dell\u2019art. 13 del Regolamento (UE) 2016\/679 (di seguito, \u201cil Regolamento\u201d oppure \u201cGDPR\u201d), le caratteristiche del trattamento dei dati personali raccolti e trattati tramite il sito www.abacoteam.com (il \u201cSito\u201d e l\u2019 \u201cInformativa\u201d) da parte di Abaco Team S.p.A. [&hellip;]\" \/>\n<meta property=\"og:url\" content=\"https:\/\/www.abacoteam.com\/en\/privacy-policy\/\" \/>\n<meta property=\"og:site_name\" content=\"Abaco Team\" \/>\n<meta property=\"article:modified_time\" content=\"2023-12-20T11:13:30+00:00\" \/>\n<meta property=\"og:image\" content=\"https:\/\/www.abacoteam.com\/wp-content\/uploads\/2023\/12\/Abaco-Team-Yoast-SEO.png\" \/>\n\t<meta property=\"og:image:width\" content=\"1200\" \/>\n\t<meta property=\"og:image:height\" content=\"675\" \/>\n\t<meta property=\"og:image:type\" content=\"image\/png\" \/>\n<meta name=\"twitter:card\" content=\"summary_large_image\" \/>\n<meta name=\"twitter:label1\" content=\"Est. reading time\" \/>\n\t<meta name=\"twitter:data1\" content=\"8 minutes\" \/>\n<script type=\"application\/ld+json\" class=\"yoast-schema-graph\">{\"@context\":\"https:\\\/\\\/schema.org\",\"@graph\":[{\"@type\":\"WebPage\",\"@id\":\"https:\\\/\\\/www.abacoteam.com\\\/en\\\/privacy-policy\\\/\",\"url\":\"https:\\\/\\\/www.abacoteam.com\\\/en\\\/privacy-policy\\\/\",\"name\":\"Privacy policy - Abaco Team\",\"isPartOf\":{\"@id\":\"https:\\\/\\\/www.abacoteam.com\\\/en\\\/#website\"},\"datePublished\":\"2023-07-26T12:36:35+00:00\",\"dateModified\":\"2023-12-20T11:13:30+00:00\",\"inLanguage\":\"en-US\",\"potentialAction\":[{\"@type\":\"ReadAction\",\"target\":[\"https:\\\/\\\/www.abacoteam.com\\\/en\\\/privacy-policy\\\/\"]}]},{\"@type\":\"WebSite\",\"@id\":\"https:\\\/\\\/www.abacoteam.com\\\/en\\\/#website\",\"url\":\"https:\\\/\\\/www.abacoteam.com\\\/en\\\/\",\"name\":\"Abaco Team\",\"description\":\"\",\"publisher\":{\"@id\":\"https:\\\/\\\/www.abacoteam.com\\\/en\\\/#organization\"},\"potentialAction\":[{\"@type\":\"SearchAction\",\"target\":{\"@type\":\"EntryPoint\",\"urlTemplate\":\"https:\\\/\\\/www.abacoteam.com\\\/en\\\/?s={search_term_string}\"},\"query-input\":{\"@type\":\"PropertyValueSpecification\",\"valueRequired\":true,\"valueName\":\"search_term_string\"}}],\"inLanguage\":\"en-US\"},{\"@type\":\"Organization\",\"@id\":\"https:\\\/\\\/www.abacoteam.com\\\/en\\\/#organization\",\"name\":\"Abaco Team\",\"url\":\"https:\\\/\\\/www.abacoteam.com\\\/en\\\/\",\"logo\":{\"@type\":\"ImageObject\",\"inLanguage\":\"en-US\",\"@id\":\"https:\\\/\\\/www.abacoteam.com\\\/en\\\/#\\\/schema\\\/logo\\\/image\\\/\",\"url\":\"https:\\\/\\\/www.abacoteam.com\\\/wp-content\\\/uploads\\\/2023\\\/07\\\/abacoteam_logo-1.png\",\"contentUrl\":\"https:\\\/\\\/www.abacoteam.com\\\/wp-content\\\/uploads\\\/2023\\\/07\\\/abacoteam_logo-1.png\",\"width\":1527,\"height\":334,\"caption\":\"Abaco Team\"},\"image\":{\"@id\":\"https:\\\/\\\/www.abacoteam.com\\\/en\\\/#\\\/schema\\\/logo\\\/image\\\/\"}}]}<\/script>\n<!-- \/ Yoast SEO plugin. -->","yoast_head_json":{"title":"Privacy policy - Abaco Team","robots":{"index":"index","follow":"follow","max-snippet":"max-snippet:-1","max-image-preview":"max-image-preview:large","max-video-preview":"max-video-preview:-1"},"canonical":"https:\/\/www.abacoteam.com\/en\/privacy-policy\/","og_locale":"en_US","og_type":"article","og_title":"Privacy policy - Abaco Team","og_description":"Informativa Privacy sul trattamento dei dati personali degli utenti del sito internet\u00a0www.abacoteam.com La presente informativa descrive, ai sensi dell\u2019art. 13 del Regolamento (UE) 2016\/679 (di seguito, \u201cil Regolamento\u201d oppure \u201cGDPR\u201d), le caratteristiche del trattamento dei dati personali raccolti e trattati tramite il sito www.abacoteam.com (il \u201cSito\u201d e l\u2019 \u201cInformativa\u201d) da parte di Abaco Team S.p.A. [&hellip;]","og_url":"https:\/\/www.abacoteam.com\/en\/privacy-policy\/","og_site_name":"Abaco Team","article_modified_time":"2023-12-20T11:13:30+00:00","og_image":[{"width":1200,"height":675,"url":"https:\/\/www.abacoteam.com\/wp-content\/uploads\/2023\/12\/Abaco-Team-Yoast-SEO.png","type":"image\/png"}],"twitter_card":"summary_large_image","twitter_misc":{"Est. reading time":"8 minutes"},"schema":{"@context":"https:\/\/schema.org","@graph":[{"@type":"WebPage","@id":"https:\/\/www.abacoteam.com\/en\/privacy-policy\/","url":"https:\/\/www.abacoteam.com\/en\/privacy-policy\/","name":"Privacy policy - Abaco Team","isPartOf":{"@id":"https:\/\/www.abacoteam.com\/en\/#website"},"datePublished":"2023-07-26T12:36:35+00:00","dateModified":"2023-12-20T11:13:30+00:00","inLanguage":"en-US","potentialAction":[{"@type":"ReadAction","target":["https:\/\/www.abacoteam.com\/en\/privacy-policy\/"]}]},{"@type":"WebSite","@id":"https:\/\/www.abacoteam.com\/en\/#website","url":"https:\/\/www.abacoteam.com\/en\/","name":"Abaco Team","description":"","publisher":{"@id":"https:\/\/www.abacoteam.com\/en\/#organization"},"potentialAction":[{"@type":"SearchAction","target":{"@type":"EntryPoint","urlTemplate":"https:\/\/www.abacoteam.com\/en\/?s={search_term_string}"},"query-input":{"@type":"PropertyValueSpecification","valueRequired":true,"valueName":"search_term_string"}}],"inLanguage":"en-US"},{"@type":"Organization","@id":"https:\/\/www.abacoteam.com\/en\/#organization","name":"Abaco Team","url":"https:\/\/www.abacoteam.com\/en\/","logo":{"@type":"ImageObject","inLanguage":"en-US","@id":"https:\/\/www.abacoteam.com\/en\/#\/schema\/logo\/image\/","url":"https:\/\/www.abacoteam.com\/wp-content\/uploads\/2023\/07\/abacoteam_logo-1.png","contentUrl":"https:\/\/www.abacoteam.com\/wp-content\/uploads\/2023\/07\/abacoteam_logo-1.png","width":1527,"height":334,"caption":"Abaco Team"},"image":{"@id":"https:\/\/www.abacoteam.com\/en\/#\/schema\/logo\/image\/"}}]}},"_links":{"self":[{"href":"https:\/\/www.abacoteam.com\/en\/wp-json\/wp\/v2\/pages\/1536","targetHints":{"allow":["GET"]}}],"collection":[{"href":"https:\/\/www.abacoteam.com\/en\/wp-json\/wp\/v2\/pages"}],"about":[{"href":"https:\/\/www.abacoteam.com\/en\/wp-json\/wp\/v2\/types\/page"}],"author":[{"embeddable":true,"href":"https:\/\/www.abacoteam.com\/en\/wp-json\/wp\/v2\/users\/1"}],"replies":[{"embeddable":true,"href":"https:\/\/www.abacoteam.com\/en\/wp-json\/wp\/v2\/comments?post=1536"}],"version-history":[{"count":3,"href":"https:\/\/www.abacoteam.com\/en\/wp-json\/wp\/v2\/pages\/1536\/revisions"}],"predecessor-version":[{"id":2541,"href":"https:\/\/www.abacoteam.com\/en\/wp-json\/wp\/v2\/pages\/1536\/revisions\/2541"}],"wp:attachment":[{"href":"https:\/\/www.abacoteam.com\/en\/wp-json\/wp\/v2\/media?parent=1536"}],"curies":[{"name":"wp","href":"https:\/\/api.w.org\/{rel}","templated":true}]}}